{"id":21,"date":"2026-04-21T10:31:48","date_gmt":"2026-04-21T10:31:48","guid":{"rendered":"https:\/\/lbg-sa.ch\/?page_id=21"},"modified":"2026-04-21T10:53:45","modified_gmt":"2026-04-21T10:53:45","slug":"site-en-maintenance","status":"publish","type":"page","link":"https:\/\/lbg-sa.ch\/","title":{"rendered":"Site en maintenance"},"content":{"rendered":"<div class=\"wp-block-site-logo\"><a href=\"https:\/\/lbg-sa.ch\/\" class=\"custom-logo-link\" rel=\"home\"><img loading=\"lazy\" decoding=\"async\" width=\"200\" height=\"79\" src=\"https:\/\/lbg-sa.ch\/wp-content\/uploads\/2026\/04\/cropped-lbg_rvb-petit.jpg\" class=\"custom-logo\" alt=\"LBG\" \/><\/a><\/div>\n\n\n<!DOCTYPE html>\n<html lang=\"fr\">\n<head>\n<meta charset=\"UTF-8\">\n<meta name=\"viewport\" content=\"width=device-width, initial-scale=1.0\">\n<title>LBG SA &#8211; Site en construction<\/title>\n\n<style>\nbody {font-family: Arial, sans-serif; margin:0; background:#fff; color:#231F20;}\n\n.hero {\n  display:block;\n}\n\n.hero-text {\n  max-width:800px;\n  padding:60px;\n}\n\nh1 {font-size:42px; line-height:1.1;}\n.italic {color:#E8720C; font-style:italic;}\n\n.hero-info-block {\n  margin-top:40px;\n}\n\n.info-item {margin-bottom:15px;}\n\n.info-label {\n  font-size:12px;\n  color:#888;\n  text-transform:uppercase;\n}\n\n.info-value {\n  font-size:14px;\n  font-weight:bold;\n}\n\n.info-value a {\n  color:inherit;\n  text-decoration:none;\n}\n.info-value a:hover {\n  color:#E8720C;\n}\n<\/style>\n<\/head>\n\n<body>\n\n<section class=\"hero\">\n  <div class=\"hero-text\">\n\n    <h1>\n      Nouveau site<br>\n      <span class=\"italic\">en construction<\/span><br>\n      depuis 2026.\n    <\/h1>\n\n    <p>\n      LBG se dote d&rsquo;une nouvelle pr\u00e9sence en ligne. En attendant son ouverture,\n      nos \u00e9quipes restent pleinement mobilis\u00e9es sur le terrain.\n    <\/p>\n\n    <div class=\"hero-info-block\">\n      <div class=\"info-item\">\n        <span class=\"info-label\">Entreprise<\/span><br>\n        <span class=\"info-value\">LBG SA<\/span>\n      <\/div>\n\n      <div class=\"info-item\">\n        <span class=\"info-label\">T\u00e9l\u00e9phone<\/span><br>\n        <span class=\"info-value\"><a href=\"tel:0328632404\">032 863 24 04<\/a><\/span>\n      <\/div>\n\n      <div class=\"info-item\">\n        <span class=\"info-label\">Email<\/span><br>\n        <span class=\"info-value\"><a href=\"mailto:contact@lbg-sa.ch\">contact@lbg-sa.ch<\/a><\/span>\n      <\/div>\n\n      <div class=\"info-item\">\n        <span class=\"info-label\">Adresse<\/span><br>\n        <span class=\"info-value\">\n          Rue Centrale 3<br>\n          2112 M\u00f4tiers<br><br>\n          Rue du Coll\u00e8ge 32<br>\n          2300 La Chaux-de-Fonds\n        <\/span>\n      <\/div>\n    <\/div>\n\n  <\/div>\n<\/section>\n\n<\/body>\n<\/html>\n\n\n\n\n<p><\/p>\n","protected":false},"excerpt":{"rendered":"<p>LBG SA &#8211; Site en construction Nouveau site en construction depuis 2026. LBG se dote d&rsquo;une nouvelle pr\u00e9sence en ligne. En attendant son ouverture, nos \u00e9quipes restent pleinement mobilis\u00e9es sur le terrain. Entreprise LBG SA T\u00e9l\u00e9phone 032 863 24 04 Email contact@lbg-sa.ch Adresse Rue Centrale 3 2112 M\u00f4tiers Rue du Coll\u00e8ge 32 2300 La Chaux-de-Fonds<\/p>\n","protected":false},"author":1,"featured_media":0,"parent":0,"menu_order":0,"comment_status":"closed","ping_status":"closed","template":"templates\/wpmm-page-template.php","meta":{"_themeisle_gutenberg_block_has_review":false,"_kad_post_transparent":"","_kad_post_title":"","_kad_post_layout":"","_kad_post_sidebar_id":"","_kad_post_content_style":"","_kad_post_vertical_padding":"","_kad_post_feature":"","_kad_post_feature_position":"","_kad_post_header":false,"_kad_post_footer":false,"_kad_post_classname":"","footnotes":""},"class_list":["post-21","page","type-page","status-publish","hentry"],"yoast_head":"<!-- This site is optimized with the Yoast SEO plugin v27.4 - https:\/\/yoast.com\/product\/yoast-seo-wordpress\/ -->\n<title>Site en maintenance - LBG<\/title>\n<meta name=\"robots\" content=\"index, follow, max-snippet:-1, max-image-preview:large, max-video-preview:-1\" \/>\n<link rel=\"canonical\" href=\"https:\/\/lbg-sa.ch\/index.php\/site-en-maintenance\/\" \/>\n<meta property=\"og:locale\" content=\"fr_FR\" \/>\n<meta property=\"og:type\" content=\"article\" \/>\n<meta property=\"og:title\" content=\"Site en maintenance - LBG\" \/>\n<meta property=\"og:description\" content=\"LBG SA &#8211; Site en construction Nouveau site en construction depuis 2026. LBG se dote d&rsquo;une nouvelle pr\u00e9sence en ligne. En attendant son ouverture, nos \u00e9quipes restent pleinement mobilis\u00e9es sur le terrain. Entreprise LBG SA T\u00e9l\u00e9phone 032 863 24 04 Email contact@lbg-sa.ch Adresse Rue Centrale 3 2112 M\u00f4tiers Rue du Coll\u00e8ge 32 2300 La Chaux-de-Fonds\" \/>\n<meta property=\"og:url\" content=\"https:\/\/lbg-sa.ch\/index.php\/site-en-maintenance\/\" \/>\n<meta property=\"og:site_name\" content=\"LBG\" \/>\n<meta property=\"article:modified_time\" content=\"2026-04-21T10:53:45+00:00\" \/>\n<meta name=\"twitter:card\" content=\"summary_large_image\" \/>\n<meta name=\"twitter:label1\" content=\"Dur\u00e9e de lecture estim\u00e9e\" \/>\n\t<meta name=\"twitter:data1\" content=\"1 minute\" \/>\n<script type=\"application\/ld+json\" class=\"yoast-schema-graph\">{\"@context\":\"https:\\\/\\\/schema.org\",\"@graph\":[{\"@type\":\"WebPage\",\"@id\":\"https:\\\/\\\/lbg-sa.ch\\\/index.php\\\/site-en-maintenance\\\/\",\"url\":\"https:\\\/\\\/lbg-sa.ch\\\/index.php\\\/site-en-maintenance\\\/\",\"name\":\"Site en maintenance - LBG\",\"isPartOf\":{\"@id\":\"https:\\\/\\\/lbg-sa.ch\\\/#website\"},\"datePublished\":\"2026-04-21T10:31:48+00:00\",\"dateModified\":\"2026-04-21T10:53:45+00:00\",\"breadcrumb\":{\"@id\":\"https:\\\/\\\/lbg-sa.ch\\\/index.php\\\/site-en-maintenance\\\/#breadcrumb\"},\"inLanguage\":\"fr-FR\",\"potentialAction\":[{\"@type\":\"ReadAction\",\"target\":[\"https:\\\/\\\/lbg-sa.ch\\\/index.php\\\/site-en-maintenance\\\/\"]}]},{\"@type\":\"BreadcrumbList\",\"@id\":\"https:\\\/\\\/lbg-sa.ch\\\/index.php\\\/site-en-maintenance\\\/#breadcrumb\",\"itemListElement\":[{\"@type\":\"ListItem\",\"position\":1,\"name\":\"Accueil\",\"item\":\"https:\\\/\\\/lbg-sa.ch\\\/index.php\\\/site-en-maintenance\\\/\"},{\"@type\":\"ListItem\",\"position\":2,\"name\":\"Site en maintenance\"}]},{\"@type\":\"WebSite\",\"@id\":\"https:\\\/\\\/lbg-sa.ch\\\/#website\",\"url\":\"https:\\\/\\\/lbg-sa.ch\\\/\",\"name\":\"LBG SA\",\"description\":\"G\u00e9nie civil &amp; Travaux publics\",\"publisher\":{\"@id\":\"https:\\\/\\\/lbg-sa.ch\\\/#organization\"},\"potentialAction\":[{\"@type\":\"SearchAction\",\"target\":{\"@type\":\"EntryPoint\",\"urlTemplate\":\"https:\\\/\\\/lbg-sa.ch\\\/?s={search_term_string}\"},\"query-input\":{\"@type\":\"PropertyValueSpecification\",\"valueRequired\":true,\"valueName\":\"search_term_string\"}}],\"inLanguage\":\"fr-FR\"},{\"@type\":\"Organization\",\"@id\":\"https:\\\/\\\/lbg-sa.ch\\\/#organization\",\"name\":\"LBG SA\",\"url\":\"https:\\\/\\\/lbg-sa.ch\\\/\",\"logo\":{\"@type\":\"ImageObject\",\"inLanguage\":\"fr-FR\",\"@id\":\"https:\\\/\\\/lbg-sa.ch\\\/#\\\/schema\\\/logo\\\/image\\\/\",\"url\":\"https:\\\/\\\/lbg-sa.ch\\\/wp-content\\\/uploads\\\/2026\\\/04\\\/lbg_rvb-petit.jpg\",\"contentUrl\":\"https:\\\/\\\/lbg-sa.ch\\\/wp-content\\\/uploads\\\/2026\\\/04\\\/lbg_rvb-petit.jpg\",\"width\":210,\"height\":77,\"caption\":\"LBG SA\"},\"image\":{\"@id\":\"https:\\\/\\\/lbg-sa.ch\\\/#\\\/schema\\\/logo\\\/image\\\/\"}}]}<\/script>\n<!-- \/ Yoast SEO plugin. -->","yoast_head_json":{"title":"Site en maintenance - LBG","robots":{"index":"index","follow":"follow","max-snippet":"max-snippet:-1","max-image-preview":"max-image-preview:large","max-video-preview":"max-video-preview:-1"},"canonical":"https:\/\/lbg-sa.ch\/index.php\/site-en-maintenance\/","og_locale":"fr_FR","og_type":"article","og_title":"Site en maintenance - LBG","og_description":"LBG SA &#8211; Site en construction Nouveau site en construction depuis 2026. LBG se dote d&rsquo;une nouvelle pr\u00e9sence en ligne. En attendant son ouverture, nos \u00e9quipes restent pleinement mobilis\u00e9es sur le terrain. Entreprise LBG SA T\u00e9l\u00e9phone 032 863 24 04 Email contact@lbg-sa.ch Adresse Rue Centrale 3 2112 M\u00f4tiers Rue du Coll\u00e8ge 32 2300 La Chaux-de-Fonds","og_url":"https:\/\/lbg-sa.ch\/index.php\/site-en-maintenance\/","og_site_name":"LBG","article_modified_time":"2026-04-21T10:53:45+00:00","twitter_card":"summary_large_image","twitter_misc":{"Dur\u00e9e de lecture estim\u00e9e":"1 minute"},"schema":{"@context":"https:\/\/schema.org","@graph":[{"@type":"WebPage","@id":"https:\/\/lbg-sa.ch\/index.php\/site-en-maintenance\/","url":"https:\/\/lbg-sa.ch\/index.php\/site-en-maintenance\/","name":"Site en maintenance - LBG","isPartOf":{"@id":"https:\/\/lbg-sa.ch\/#website"},"datePublished":"2026-04-21T10:31:48+00:00","dateModified":"2026-04-21T10:53:45+00:00","breadcrumb":{"@id":"https:\/\/lbg-sa.ch\/index.php\/site-en-maintenance\/#breadcrumb"},"inLanguage":"fr-FR","potentialAction":[{"@type":"ReadAction","target":["https:\/\/lbg-sa.ch\/index.php\/site-en-maintenance\/"]}]},{"@type":"BreadcrumbList","@id":"https:\/\/lbg-sa.ch\/index.php\/site-en-maintenance\/#breadcrumb","itemListElement":[{"@type":"ListItem","position":1,"name":"Accueil","item":"https:\/\/lbg-sa.ch\/index.php\/site-en-maintenance\/"},{"@type":"ListItem","position":2,"name":"Site en maintenance"}]},{"@type":"WebSite","@id":"https:\/\/lbg-sa.ch\/#website","url":"https:\/\/lbg-sa.ch\/","name":"LBG SA","description":"G\u00e9nie civil &amp; Travaux publics","publisher":{"@id":"https:\/\/lbg-sa.ch\/#organization"},"potentialAction":[{"@type":"SearchAction","target":{"@type":"EntryPoint","urlTemplate":"https:\/\/lbg-sa.ch\/?s={search_term_string}"},"query-input":{"@type":"PropertyValueSpecification","valueRequired":true,"valueName":"search_term_string"}}],"inLanguage":"fr-FR"},{"@type":"Organization","@id":"https:\/\/lbg-sa.ch\/#organization","name":"LBG SA","url":"https:\/\/lbg-sa.ch\/","logo":{"@type":"ImageObject","inLanguage":"fr-FR","@id":"https:\/\/lbg-sa.ch\/#\/schema\/logo\/image\/","url":"https:\/\/lbg-sa.ch\/wp-content\/uploads\/2026\/04\/lbg_rvb-petit.jpg","contentUrl":"https:\/\/lbg-sa.ch\/wp-content\/uploads\/2026\/04\/lbg_rvb-petit.jpg","width":210,"height":77,"caption":"LBG SA"},"image":{"@id":"https:\/\/lbg-sa.ch\/#\/schema\/logo\/image\/"}}]}},"_links":{"self":[{"href":"https:\/\/lbg-sa.ch\/index.php\/wp-json\/wp\/v2\/pages\/21","targetHints":{"allow":["GET"]}}],"collection":[{"href":"https:\/\/lbg-sa.ch\/index.php\/wp-json\/wp\/v2\/pages"}],"about":[{"href":"https:\/\/lbg-sa.ch\/index.php\/wp-json\/wp\/v2\/types\/page"}],"author":[{"embeddable":true,"href":"https:\/\/lbg-sa.ch\/index.php\/wp-json\/wp\/v2\/users\/1"}],"replies":[{"embeddable":true,"href":"https:\/\/lbg-sa.ch\/index.php\/wp-json\/wp\/v2\/comments?post=21"}],"version-history":[{"count":7,"href":"https:\/\/lbg-sa.ch\/index.php\/wp-json\/wp\/v2\/pages\/21\/revisions"}],"predecessor-version":[{"id":33,"href":"https:\/\/lbg-sa.ch\/index.php\/wp-json\/wp\/v2\/pages\/21\/revisions\/33"}],"wp:attachment":[{"href":"https:\/\/lbg-sa.ch\/index.php\/wp-json\/wp\/v2\/media?parent=21"}],"curies":[{"name":"wp","href":"https:\/\/api.w.org\/{rel}","templated":true}]}}